{"id":236,"date":"2021-04-06T21:18:59","date_gmt":"2021-04-06T21:18:59","guid":{"rendered":"http:\/\/cpschy.org\/?page_id=236"},"modified":"2024-02-27T12:07:29","modified_gmt":"2024-02-27T17:07:29","slug":"notre-organisme","status":"publish","type":"page","link":"https:\/\/cpschy.org\/en\/notre-organisme\/","title":{"rendered":"Our Organization"},"content":{"rendered":"","protected":false},"excerpt":{"rendered":"","protected":false},"author":7,"featured_media":0,"parent":0,"menu_order":0,"comment_status":"closed","ping_status":"closed","template":"","meta":{"footnotes":""},"class_list":["post-236","page","type-page","status-publish","hentry"],"yoast_head":"<!-- This site is optimized with the Yoast SEO plugin v27.4 - https:\/\/yoast.com\/product\/yoast-seo-wordpress\/ -->\n<title>Notre organisme - Centre de P\u00e9diatrie Sociale Communautaire de la Haute-Yamaska<\/title>\n<meta name=\"description\" content=\"Depuis bient\u00f4t deux ans, notre centre est au service des enfants vuln\u00e9rables de Granby et Waterloo. Notre d\u00e9marche de m\u00e9decine sociale int\u00e9gr\u00e9e consiste \u00e0 assurer un suivi aupr\u00e8s de l\u2019enfant aussi longtemps que n\u00e9cessaire sur les plans m\u00e9dical, psychosocial et juridique.\" \/>\n<meta name=\"robots\" content=\"index, follow, max-snippet:-1, max-image-preview:large, max-video-preview:-1\" \/>\n<link rel=\"canonical\" href=\"https:\/\/cpschy.org\/en\/notre-organisme\/\" \/>\n<meta property=\"og:locale\" content=\"en_US\" \/>\n<meta property=\"og:type\" content=\"article\" \/>\n<meta property=\"og:title\" content=\"Notre organisme - Centre de P\u00e9diatrie Sociale Communautaire de la Haute-Yamaska\" \/>\n<meta property=\"og:description\" content=\"Depuis bient\u00f4t deux ans, notre centre est au service des enfants vuln\u00e9rables de Granby et Waterloo. Notre d\u00e9marche de m\u00e9decine sociale int\u00e9gr\u00e9e consiste \u00e0 assurer un suivi aupr\u00e8s de l\u2019enfant aussi longtemps que n\u00e9cessaire sur les plans m\u00e9dical, psychosocial et juridique.\" \/>\n<meta property=\"og:url\" content=\"https:\/\/cpschy.org\/en\/notre-organisme\/\" \/>\n<meta property=\"og:site_name\" content=\"Centre de P\u00e9diatrie Sociale Communautaire de la Haute-Yamaska\" \/>\n<meta property=\"article:publisher\" content=\"https:\/\/www.facebook.com\/CPSCHY\/\" \/>\n<meta property=\"article:modified_time\" content=\"2024-02-27T17:07:29+00:00\" \/>\n<meta name=\"twitter:card\" content=\"summary_large_image\" \/>\n<meta name=\"twitter:label1\" content=\"Est. reading time\" \/>\n\t<meta name=\"twitter:data1\" content=\"7 minutes\" \/>\n<script type=\"application\/ld+json\" class=\"yoast-schema-graph\">{\"@context\":\"https:\\\/\\\/schema.org\",\"@graph\":[{\"@type\":\"WebPage\",\"@id\":\"https:\\\/\\\/cpschy.org\\\/notre-organisme\\\/\",\"url\":\"https:\\\/\\\/cpschy.org\\\/notre-organisme\\\/\",\"name\":\"Notre organisme - Centre de P\u00e9diatrie Sociale Communautaire de la Haute-Yamaska\",\"isPartOf\":{\"@id\":\"https:\\\/\\\/cpschy.org\\\/#website\"},\"datePublished\":\"2021-04-06T21:18:59+00:00\",\"dateModified\":\"2024-02-27T17:07:29+00:00\",\"description\":\"Depuis bient\u00f4t deux ans, notre centre est au service des enfants vuln\u00e9rables de Granby et Waterloo. Notre d\u00e9marche de m\u00e9decine sociale int\u00e9gr\u00e9e consiste \u00e0 assurer un suivi aupr\u00e8s de l\u2019enfant aussi longtemps que n\u00e9cessaire sur les plans m\u00e9dical, psychosocial et juridique.\",\"breadcrumb\":{\"@id\":\"https:\\\/\\\/cpschy.org\\\/notre-organisme\\\/#breadcrumb\"},\"inLanguage\":\"en-CA\",\"potentialAction\":[{\"@type\":\"ReadAction\",\"target\":[\"https:\\\/\\\/cpschy.org\\\/notre-organisme\\\/\"]}]},{\"@type\":\"BreadcrumbList\",\"@id\":\"https:\\\/\\\/cpschy.org\\\/notre-organisme\\\/#breadcrumb\",\"itemListElement\":[{\"@type\":\"ListItem\",\"position\":1,\"name\":\"Accueil\",\"item\":\"https:\\\/\\\/cpschy.org\\\/\"},{\"@type\":\"ListItem\",\"position\":2,\"name\":\"Notre organisme\"}]},{\"@type\":\"WebSite\",\"@id\":\"https:\\\/\\\/cpschy.org\\\/#website\",\"url\":\"https:\\\/\\\/cpschy.org\\\/\",\"name\":\"Centre de P\u00e9diatrie Sociale Communautaire de la Haute-Yamaska\",\"description\":\"CPSCHY\",\"publisher\":{\"@id\":\"https:\\\/\\\/cpschy.org\\\/#organization\"},\"potentialAction\":[{\"@type\":\"SearchAction\",\"target\":{\"@type\":\"EntryPoint\",\"urlTemplate\":\"https:\\\/\\\/cpschy.org\\\/?s={search_term_string}\"},\"query-input\":{\"@type\":\"PropertyValueSpecification\",\"valueRequired\":true,\"valueName\":\"search_term_string\"}}],\"inLanguage\":\"en-CA\"},{\"@type\":\"Organization\",\"@id\":\"https:\\\/\\\/cpschy.org\\\/#organization\",\"name\":\"Centre de P\u00e9diatrie Sociale Communautaire de la Haute-Yamaska\",\"url\":\"https:\\\/\\\/cpschy.org\\\/\",\"logo\":{\"@type\":\"ImageObject\",\"inLanguage\":\"en-CA\",\"@id\":\"https:\\\/\\\/cpschy.org\\\/#\\\/schema\\\/logo\\\/image\\\/\",\"url\":\"https:\\\/\\\/cpschy.org\\\/wp-content\\\/uploads\\\/2021\\\/04\\\/logo_web_cpschy.png\",\"contentUrl\":\"https:\\\/\\\/cpschy.org\\\/wp-content\\\/uploads\\\/2021\\\/04\\\/logo_web_cpschy.png\",\"width\":1251,\"height\":341,\"caption\":\"Centre de P\u00e9diatrie Sociale Communautaire de la Haute-Yamaska\"},\"image\":{\"@id\":\"https:\\\/\\\/cpschy.org\\\/#\\\/schema\\\/logo\\\/image\\\/\"},\"sameAs\":[\"https:\\\/\\\/www.facebook.com\\\/CPSCHY\\\/\"]}]}<\/script>\n<!-- \/ Yoast SEO plugin. -->","yoast_head_json":{"title":"Notre organisme - Centre de P\u00e9diatrie Sociale Communautaire de la Haute-Yamaska","description":"Depuis bient\u00f4t deux ans, notre centre est au service des enfants vuln\u00e9rables de Granby et Waterloo. Notre d\u00e9marche de m\u00e9decine sociale int\u00e9gr\u00e9e consiste \u00e0 assurer un suivi aupr\u00e8s de l\u2019enfant aussi longtemps que n\u00e9cessaire sur les plans m\u00e9dical, psychosocial et juridique.","robots":{"index":"index","follow":"follow","max-snippet":"max-snippet:-1","max-image-preview":"max-image-preview:large","max-video-preview":"max-video-preview:-1"},"canonical":"https:\/\/cpschy.org\/en\/notre-organisme\/","og_locale":"en_US","og_type":"article","og_title":"Notre organisme - Centre de P\u00e9diatrie Sociale Communautaire de la Haute-Yamaska","og_description":"Depuis bient\u00f4t deux ans, notre centre est au service des enfants vuln\u00e9rables de Granby et Waterloo. Notre d\u00e9marche de m\u00e9decine sociale int\u00e9gr\u00e9e consiste \u00e0 assurer un suivi aupr\u00e8s de l\u2019enfant aussi longtemps que n\u00e9cessaire sur les plans m\u00e9dical, psychosocial et juridique.","og_url":"https:\/\/cpschy.org\/en\/notre-organisme\/","og_site_name":"Centre de P\u00e9diatrie Sociale Communautaire de la Haute-Yamaska","article_publisher":"https:\/\/www.facebook.com\/CPSCHY\/","article_modified_time":"2024-02-27T17:07:29+00:00","twitter_card":"summary_large_image","twitter_misc":{"Est. reading time":"7 minutes"},"schema":{"@context":"https:\/\/schema.org","@graph":[{"@type":"WebPage","@id":"https:\/\/cpschy.org\/notre-organisme\/","url":"https:\/\/cpschy.org\/notre-organisme\/","name":"Notre organisme - Centre de P\u00e9diatrie Sociale Communautaire de la Haute-Yamaska","isPartOf":{"@id":"https:\/\/cpschy.org\/#website"},"datePublished":"2021-04-06T21:18:59+00:00","dateModified":"2024-02-27T17:07:29+00:00","description":"Depuis bient\u00f4t deux ans, notre centre est au service des enfants vuln\u00e9rables de Granby et Waterloo. Notre d\u00e9marche de m\u00e9decine sociale int\u00e9gr\u00e9e consiste \u00e0 assurer un suivi aupr\u00e8s de l\u2019enfant aussi longtemps que n\u00e9cessaire sur les plans m\u00e9dical, psychosocial et juridique.","breadcrumb":{"@id":"https:\/\/cpschy.org\/notre-organisme\/#breadcrumb"},"inLanguage":"en-CA","potentialAction":[{"@type":"ReadAction","target":["https:\/\/cpschy.org\/notre-organisme\/"]}]},{"@type":"BreadcrumbList","@id":"https:\/\/cpschy.org\/notre-organisme\/#breadcrumb","itemListElement":[{"@type":"ListItem","position":1,"name":"Accueil","item":"https:\/\/cpschy.org\/"},{"@type":"ListItem","position":2,"name":"Notre organisme"}]},{"@type":"WebSite","@id":"https:\/\/cpschy.org\/#website","url":"https:\/\/cpschy.org\/","name":"Centre de P\u00e9diatrie Sociale Communautaire de la Haute-Yamaska","description":"CPSCHY","publisher":{"@id":"https:\/\/cpschy.org\/#organization"},"potentialAction":[{"@type":"SearchAction","target":{"@type":"EntryPoint","urlTemplate":"https:\/\/cpschy.org\/?s={search_term_string}"},"query-input":{"@type":"PropertyValueSpecification","valueRequired":true,"valueName":"search_term_string"}}],"inLanguage":"en-CA"},{"@type":"Organization","@id":"https:\/\/cpschy.org\/#organization","name":"Centre de P\u00e9diatrie Sociale Communautaire de la Haute-Yamaska","url":"https:\/\/cpschy.org\/","logo":{"@type":"ImageObject","inLanguage":"en-CA","@id":"https:\/\/cpschy.org\/#\/schema\/logo\/image\/","url":"https:\/\/cpschy.org\/wp-content\/uploads\/2021\/04\/logo_web_cpschy.png","contentUrl":"https:\/\/cpschy.org\/wp-content\/uploads\/2021\/04\/logo_web_cpschy.png","width":1251,"height":341,"caption":"Centre de P\u00e9diatrie Sociale Communautaire de la Haute-Yamaska"},"image":{"@id":"https:\/\/cpschy.org\/#\/schema\/logo\/image\/"},"sameAs":["https:\/\/www.facebook.com\/CPSCHY\/"]}]}},"_links":{"self":[{"href":"https:\/\/cpschy.org\/en\/wp-json\/wp\/v2\/pages\/236","targetHints":{"allow":["GET"]}}],"collection":[{"href":"https:\/\/cpschy.org\/en\/wp-json\/wp\/v2\/pages"}],"about":[{"href":"https:\/\/cpschy.org\/en\/wp-json\/wp\/v2\/types\/page"}],"author":[{"embeddable":true,"href":"https:\/\/cpschy.org\/en\/wp-json\/wp\/v2\/users\/7"}],"replies":[{"embeddable":true,"href":"https:\/\/cpschy.org\/en\/wp-json\/wp\/v2\/comments?post=236"}],"version-history":[{"count":5,"href":"https:\/\/cpschy.org\/en\/wp-json\/wp\/v2\/pages\/236\/revisions"}],"predecessor-version":[{"id":2278,"href":"https:\/\/cpschy.org\/en\/wp-json\/wp\/v2\/pages\/236\/revisions\/2278"}],"wp:attachment":[{"href":"https:\/\/cpschy.org\/en\/wp-json\/wp\/v2\/media?parent=236"}],"curies":[{"name":"wp","href":"https:\/\/api.w.org\/{rel}","templated":true}]}}