{"id":638,"date":"2021-04-07T11:26:06","date_gmt":"2021-04-07T15:26:06","guid":{"rendered":"http:\/\/cpschy.org\/?page_id=638"},"modified":"2023-01-12T13:10:15","modified_gmt":"2023-01-12T18:10:15","slug":"nos-partenaires","status":"publish","type":"page","link":"https:\/\/cpschy.org\/en\/nos-partenaires\/","title":{"rendered":"Our Partners"},"content":{"rendered":"","protected":false},"excerpt":{"rendered":"","protected":false},"author":7,"featured_media":0,"parent":0,"menu_order":0,"comment_status":"closed","ping_status":"closed","template":"","meta":{"footnotes":""},"class_list":["post-638","page","type-page","status-publish","hentry"],"yoast_head":"<!-- This site is optimized with the Yoast SEO plugin v27.4 - https:\/\/yoast.com\/product\/yoast-seo-wordpress\/ -->\n<title>Nos partenaires - Centre de P\u00e9diatrie Sociale Communautaire de la Haute-Yamaska<\/title>\n<meta name=\"description\" content=\"Nous travaillons conjointement avec ces partenaires afin d\u2019offrir un service complet et int\u00e9gr\u00e9 dans la communaut\u00e9 pour le bien-\u00eatre de nos petits.\" \/>\n<meta name=\"robots\" content=\"index, follow, max-snippet:-1, max-image-preview:large, max-video-preview:-1\" \/>\n<link rel=\"canonical\" href=\"https:\/\/cpschy.org\/en\/nos-partenaires\/\" \/>\n<meta property=\"og:locale\" content=\"en_US\" \/>\n<meta property=\"og:type\" content=\"article\" \/>\n<meta property=\"og:title\" content=\"Nos partenaires - Centre de P\u00e9diatrie Sociale Communautaire de la Haute-Yamaska\" \/>\n<meta property=\"og:description\" content=\"Nous travaillons conjointement avec ces partenaires afin d\u2019offrir un service complet et int\u00e9gr\u00e9 dans la communaut\u00e9 pour le bien-\u00eatre de nos petits.\" \/>\n<meta property=\"og:url\" content=\"https:\/\/cpschy.org\/en\/nos-partenaires\/\" \/>\n<meta property=\"og:site_name\" content=\"Centre de P\u00e9diatrie Sociale Communautaire de la Haute-Yamaska\" \/>\n<meta property=\"article:publisher\" content=\"https:\/\/www.facebook.com\/CPSCHY\/\" \/>\n<meta property=\"article:modified_time\" content=\"2023-01-12T18:10:15+00:00\" \/>\n<meta name=\"twitter:card\" content=\"summary_large_image\" \/>\n<script type=\"application\/ld+json\" class=\"yoast-schema-graph\">{\"@context\":\"https:\\\/\\\/schema.org\",\"@graph\":[{\"@type\":\"WebPage\",\"@id\":\"https:\\\/\\\/cpschy.org\\\/nos-partenaires\\\/\",\"url\":\"https:\\\/\\\/cpschy.org\\\/nos-partenaires\\\/\",\"name\":\"Nos partenaires - Centre de P\u00e9diatrie Sociale Communautaire de la Haute-Yamaska\",\"isPartOf\":{\"@id\":\"https:\\\/\\\/cpschy.org\\\/#website\"},\"datePublished\":\"2021-04-07T15:26:06+00:00\",\"dateModified\":\"2023-01-12T18:10:15+00:00\",\"description\":\"Nous travaillons conjointement avec ces partenaires afin d\u2019offrir un service complet et int\u00e9gr\u00e9 dans la communaut\u00e9 pour le bien-\u00eatre de nos petits.\",\"breadcrumb\":{\"@id\":\"https:\\\/\\\/cpschy.org\\\/nos-partenaires\\\/#breadcrumb\"},\"inLanguage\":\"en-CA\",\"potentialAction\":[{\"@type\":\"ReadAction\",\"target\":[\"https:\\\/\\\/cpschy.org\\\/nos-partenaires\\\/\"]}]},{\"@type\":\"BreadcrumbList\",\"@id\":\"https:\\\/\\\/cpschy.org\\\/nos-partenaires\\\/#breadcrumb\",\"itemListElement\":[{\"@type\":\"ListItem\",\"position\":1,\"name\":\"Accueil\",\"item\":\"https:\\\/\\\/cpschy.org\\\/\"},{\"@type\":\"ListItem\",\"position\":2,\"name\":\"Nos partenaires\"}]},{\"@type\":\"WebSite\",\"@id\":\"https:\\\/\\\/cpschy.org\\\/#website\",\"url\":\"https:\\\/\\\/cpschy.org\\\/\",\"name\":\"Centre de P\u00e9diatrie Sociale Communautaire de la Haute-Yamaska\",\"description\":\"CPSCHY\",\"publisher\":{\"@id\":\"https:\\\/\\\/cpschy.org\\\/#organization\"},\"potentialAction\":[{\"@type\":\"SearchAction\",\"target\":{\"@type\":\"EntryPoint\",\"urlTemplate\":\"https:\\\/\\\/cpschy.org\\\/?s={search_term_string}\"},\"query-input\":{\"@type\":\"PropertyValueSpecification\",\"valueRequired\":true,\"valueName\":\"search_term_string\"}}],\"inLanguage\":\"en-CA\"},{\"@type\":\"Organization\",\"@id\":\"https:\\\/\\\/cpschy.org\\\/#organization\",\"name\":\"Centre de P\u00e9diatrie Sociale Communautaire de la Haute-Yamaska\",\"url\":\"https:\\\/\\\/cpschy.org\\\/\",\"logo\":{\"@type\":\"ImageObject\",\"inLanguage\":\"en-CA\",\"@id\":\"https:\\\/\\\/cpschy.org\\\/#\\\/schema\\\/logo\\\/image\\\/\",\"url\":\"https:\\\/\\\/cpschy.org\\\/wp-content\\\/uploads\\\/2021\\\/04\\\/logo_web_cpschy.png\",\"contentUrl\":\"https:\\\/\\\/cpschy.org\\\/wp-content\\\/uploads\\\/2021\\\/04\\\/logo_web_cpschy.png\",\"width\":1251,\"height\":341,\"caption\":\"Centre de P\u00e9diatrie Sociale Communautaire de la Haute-Yamaska\"},\"image\":{\"@id\":\"https:\\\/\\\/cpschy.org\\\/#\\\/schema\\\/logo\\\/image\\\/\"},\"sameAs\":[\"https:\\\/\\\/www.facebook.com\\\/CPSCHY\\\/\"]}]}<\/script>\n<!-- \/ Yoast SEO plugin. -->","yoast_head_json":{"title":"Nos partenaires - Centre de P\u00e9diatrie Sociale Communautaire de la Haute-Yamaska","description":"We work side by side with these partners in order to offer a complete and integrated service into the community for our children.","robots":{"index":"index","follow":"follow","max-snippet":"max-snippet:-1","max-image-preview":"max-image-preview:large","max-video-preview":"max-video-preview:-1"},"canonical":"https:\/\/cpschy.org\/en\/nos-partenaires\/","og_locale":"en_US","og_type":"article","og_title":"Nos partenaires - Centre de P\u00e9diatrie Sociale Communautaire de la Haute-Yamaska","og_description":"Nous travaillons conjointement avec ces partenaires afin d\u2019offrir un service complet et int\u00e9gr\u00e9 dans la communaut\u00e9 pour le bien-\u00eatre de nos petits.","og_url":"https:\/\/cpschy.org\/en\/nos-partenaires\/","og_site_name":"Centre de P\u00e9diatrie Sociale Communautaire de la Haute-Yamaska","article_publisher":"https:\/\/www.facebook.com\/CPSCHY\/","article_modified_time":"2023-01-12T18:10:15+00:00","twitter_card":"summary_large_image","schema":{"@context":"https:\/\/schema.org","@graph":[{"@type":"WebPage","@id":"https:\/\/cpschy.org\/nos-partenaires\/","url":"https:\/\/cpschy.org\/nos-partenaires\/","name":"Nos partenaires - Centre de P\u00e9diatrie Sociale Communautaire de la Haute-Yamaska","isPartOf":{"@id":"https:\/\/cpschy.org\/#website"},"datePublished":"2021-04-07T15:26:06+00:00","dateModified":"2023-01-12T18:10:15+00:00","description":"We work side by side with these partners in order to offer a complete and integrated service into the community for our children.","breadcrumb":{"@id":"https:\/\/cpschy.org\/nos-partenaires\/#breadcrumb"},"inLanguage":"en-CA","potentialAction":[{"@type":"ReadAction","target":["https:\/\/cpschy.org\/nos-partenaires\/"]}]},{"@type":"BreadcrumbList","@id":"https:\/\/cpschy.org\/nos-partenaires\/#breadcrumb","itemListElement":[{"@type":"ListItem","position":1,"name":"Accueil","item":"https:\/\/cpschy.org\/"},{"@type":"ListItem","position":2,"name":"Nos partenaires"}]},{"@type":"WebSite","@id":"https:\/\/cpschy.org\/#website","url":"https:\/\/cpschy.org\/","name":"Centre de P\u00e9diatrie Sociale Communautaire de la Haute-Yamaska","description":"CPSCHY","publisher":{"@id":"https:\/\/cpschy.org\/#organization"},"potentialAction":[{"@type":"SearchAction","target":{"@type":"EntryPoint","urlTemplate":"https:\/\/cpschy.org\/?s={search_term_string}"},"query-input":{"@type":"PropertyValueSpecification","valueRequired":true,"valueName":"search_term_string"}}],"inLanguage":"en-CA"},{"@type":"Organization","@id":"https:\/\/cpschy.org\/#organization","name":"Centre de P\u00e9diatrie Sociale Communautaire de la Haute-Yamaska","url":"https:\/\/cpschy.org\/","logo":{"@type":"ImageObject","inLanguage":"en-CA","@id":"https:\/\/cpschy.org\/#\/schema\/logo\/image\/","url":"https:\/\/cpschy.org\/wp-content\/uploads\/2021\/04\/logo_web_cpschy.png","contentUrl":"https:\/\/cpschy.org\/wp-content\/uploads\/2021\/04\/logo_web_cpschy.png","width":1251,"height":341,"caption":"Centre de P\u00e9diatrie Sociale Communautaire de la Haute-Yamaska"},"image":{"@id":"https:\/\/cpschy.org\/#\/schema\/logo\/image\/"},"sameAs":["https:\/\/www.facebook.com\/CPSCHY\/"]}]}},"_links":{"self":[{"href":"https:\/\/cpschy.org\/en\/wp-json\/wp\/v2\/pages\/638","targetHints":{"allow":["GET"]}}],"collection":[{"href":"https:\/\/cpschy.org\/en\/wp-json\/wp\/v2\/pages"}],"about":[{"href":"https:\/\/cpschy.org\/en\/wp-json\/wp\/v2\/types\/page"}],"author":[{"embeddable":true,"href":"https:\/\/cpschy.org\/en\/wp-json\/wp\/v2\/users\/7"}],"replies":[{"embeddable":true,"href":"https:\/\/cpschy.org\/en\/wp-json\/wp\/v2\/comments?post=638"}],"version-history":[{"count":5,"href":"https:\/\/cpschy.org\/en\/wp-json\/wp\/v2\/pages\/638\/revisions"}],"predecessor-version":[{"id":2136,"href":"https:\/\/cpschy.org\/en\/wp-json\/wp\/v2\/pages\/638\/revisions\/2136"}],"wp:attachment":[{"href":"https:\/\/cpschy.org\/en\/wp-json\/wp\/v2\/media?parent=638"}],"curies":[{"name":"wp","href":"https:\/\/api.w.org\/{rel}","templated":true}]}}